{"id":62,"date":"2023-12-10T19:02:34","date_gmt":"2023-12-10T18:02:34","guid":{"rendered":"http:\/\/www.logopaediereinhard.de\/wordpress\/?page_id=62"},"modified":"2023-12-10T20:20:01","modified_gmt":"2023-12-10T19:20:01","slug":"leistungsspektrum","status":"publish","type":"page","link":"https:\/\/xn--logopdiereinhard-znb.de\/wordpress\/leistungsspektrum\/","title":{"rendered":"Leistungsspektrum"},"content":{"rendered":"\n<p>Die Logop\u00e4die besch\u00e4ftigt sich mit der Diagnose und Behandlung von Sprach-, Sprech-, Stimm-, Schluck-, und H\u00f6rst\u00f6rungen. <br><br><strong>Ihr Weg zu uns:<\/strong><\/p>\n\n\n\n<p>Hauptstra\u00dfe 43<br>97956 Werbach<br><a href=\"https:\/\/maps.app.goo.gl\/FpyupfcfNrTrn4vz6\" data-type=\"link\" data-id=\"https:\/\/maps.app.goo.gl\/FpyupfcfNrTrn4vz6\">Google Maps<\/a><br><a href=\"https:\/\/www.bing.com\/maps?osid=18019daf-d3d7-4143-b614-28ef0af22319&amp;cp=49.567533~9.440689&amp;lvl=11&amp;pi=0&amp;v=2&amp;sV=2&amp;form=S00027\" data-type=\"link\" data-id=\"https:\/\/www.bing.com\/maps?osid=18019daf-d3d7-4143-b614-28ef0af22319&amp;cp=49.567533~9.440689&amp;lvl=11&amp;pi=0&amp;v=2&amp;sV=2&amp;form=S00027\">Bing Karten<\/a><\/p>\n\n\n\n<p>Kassen- oder Privat Rezept verordnen lassen und direkt Termine in unserer Praxis vereinbaren.<\/p>\n","protected":false},"excerpt":{"rendered":"<p>Die Logop\u00e4die besch\u00e4ftigt sich mit der Diagnose und Behandlung von Sprach-, Sprech-, Stimm-, Schluck-, und H\u00f6rst\u00f6rungen. Ihr Weg zu uns: Hauptstra\u00dfe 4397956 WerbachGoogle MapsBing Karten Kassen- oder Privat Rezept verordnen lassen und direkt Termine in unserer Praxis vereinbaren.<\/p>\n","protected":false},"author":1,"featured_media":0,"parent":0,"menu_order":0,"comment_status":"closed","ping_status":"closed","template":"","meta":{"footnotes":""},"class_list":["post-62","page","type-page","status-publish","hentry"],"_links":{"self":[{"href":"https:\/\/xn--logopdiereinhard-znb.de\/wordpress\/wp-json\/wp\/v2\/pages\/62"}],"collection":[{"href":"https:\/\/xn--logopdiereinhard-znb.de\/wordpress\/wp-json\/wp\/v2\/pages"}],"about":[{"href":"https:\/\/xn--logopdiereinhard-znb.de\/wordpress\/wp-json\/wp\/v2\/types\/page"}],"author":[{"embeddable":true,"href":"https:\/\/xn--logopdiereinhard-znb.de\/wordpress\/wp-json\/wp\/v2\/users\/1"}],"replies":[{"embeddable":true,"href":"https:\/\/xn--logopdiereinhard-znb.de\/wordpress\/wp-json\/wp\/v2\/comments?post=62"}],"version-history":[{"count":3,"href":"https:\/\/xn--logopdiereinhard-znb.de\/wordpress\/wp-json\/wp\/v2\/pages\/62\/revisions"}],"predecessor-version":[{"id":81,"href":"https:\/\/xn--logopdiereinhard-znb.de\/wordpress\/wp-json\/wp\/v2\/pages\/62\/revisions\/81"}],"wp:attachment":[{"href":"https:\/\/xn--logopdiereinhard-znb.de\/wordpress\/wp-json\/wp\/v2\/media?parent=62"}],"curies":[{"name":"wp","href":"https:\/\/api.w.org\/{rel}","templated":true}]}}