{"id":12,"date":"2023-12-07T16:40:22","date_gmt":"2023-12-07T15:40:22","guid":{"rendered":"http:\/\/www.xn--logopdiereinhard-znb.de\/wordpress\/?page_id=12"},"modified":"2024-07-02T21:25:45","modified_gmt":"2024-07-02T19:25:45","slug":"willkommen","status":"publish","type":"page","link":"https:\/\/xn--logopdiereinhard-znb.de\/wordpress\/","title":{"rendered":"Herzlich Willkommen"},"content":{"rendered":"\n<div class=\"wp-block-group alignfull has-global-padding is-layout-constrained wp-container-core-group-is-layout-2 wp-block-group-is-layout-constrained\" style=\"padding-top:var(--wp--preset--spacing--50);padding-right:var(--wp--preset--spacing--50);padding-bottom:var(--wp--preset--spacing--50);padding-left:var(--wp--preset--spacing--50)\">\n<div class=\"wp-block-group has-global-padding is-layout-constrained wp-container-core-group-is-layout-1 wp-block-group-is-layout-constrained\">\n<h1 class=\"wp-block-heading has-text-align-center has-xx-large-font-size\"><strong>Praxis f\u00fcr Logop\u00e4die Jacqueline Reinhard<\/strong><\/h1>\n\n\n\n<div style=\"height:1.25rem\" aria-hidden=\"true\" class=\"wp-block-spacer\"><\/div>\n<\/div>\n\n\n\n<figure class=\"wp-block-image size-full is-resized\"><img loading=\"lazy\" decoding=\"async\" width=\"407\" height=\"247\" src=\"http:\/\/www.logopaediereinhard.de\/wordpress\/wp-content\/uploads\/2023\/12\/blue.png\" alt=\"\" class=\"wp-image-34\" style=\"width:620px;height:auto\" srcset=\"https:\/\/xn--logopdiereinhard-znb.de\/wordpress\/wp-content\/uploads\/2023\/12\/blue.png 407w, https:\/\/xn--logopdiereinhard-znb.de\/wordpress\/wp-content\/uploads\/2023\/12\/blue-300x182.png 300w\" sizes=\"(max-width: 407px) 100vw, 407px\" \/><\/figure>\n<\/div>\n\n\n\n<div class=\"wp-block-group alignfull has-base-2-background-color has-background has-global-padding is-layout-constrained wp-container-core-group-is-layout-3 wp-block-group-is-layout-constrained\" style=\"margin-top:0;margin-bottom:0;padding-top:var(--wp--preset--spacing--50);padding-right:var(--wp--preset--spacing--50);padding-bottom:var(--wp--preset--spacing--50);padding-left:var(--wp--preset--spacing--50)\">\n<div class=\"wp-block-columns alignwide is-layout-flex wp-container-core-columns-is-layout-1 wp-block-columns-is-layout-flex\">\n<div class=\"wp-block-column is-layout-flow wp-container-core-column-is-layout-1 wp-block-column-is-layout-flow\">\n<h3 class=\"wp-block-heading has-text-align-left is-style-asterisk has-x-large-font-size\" style=\"font-style:normal;font-weight:600\">\u00d6ffnungszeiten<\/h3>\n\n\n\n<p class=\"has-text-align-left has-x-large-font-size\">Termine nach Vereinbarung<\/p>\n<\/div>\n\n\n\n<div class=\"wp-block-column is-layout-flow wp-container-core-column-is-layout-2 wp-block-column-is-layout-flow\">\n<h3 class=\"wp-block-heading has-text-align-left is-style-asterisk has-x-large-font-size\" style=\"font-style:normal;font-weight:600\">Kontakt<\/h3>\n\n\n\n<p class=\"has-text-align-left has-x-large-font-size\">Telefon 09341 8979815<br>Hauptstra\u00dfe 43<br>97956 Werbach<\/p>\n<\/div>\n<\/div>\n<\/div>\n\n\n\n<p><\/p>\n","protected":false},"excerpt":{"rendered":"<p>Praxis f\u00fcr Logop\u00e4die Jacqueline Reinhard \u00d6ffnungszeiten Termine nach Vereinbarung Kontakt Telefon 09341 8979815Hauptstra\u00dfe 4397956 Werbach<\/p>\n","protected":false},"author":1,"featured_media":0,"parent":0,"menu_order":0,"comment_status":"closed","ping_status":"closed","template":"","meta":{"footnotes":""},"class_list":["post-12","page","type-page","status-publish","hentry"],"_links":{"self":[{"href":"https:\/\/xn--logopdiereinhard-znb.de\/wordpress\/wp-json\/wp\/v2\/pages\/12"}],"collection":[{"href":"https:\/\/xn--logopdiereinhard-znb.de\/wordpress\/wp-json\/wp\/v2\/pages"}],"about":[{"href":"https:\/\/xn--logopdiereinhard-znb.de\/wordpress\/wp-json\/wp\/v2\/types\/page"}],"author":[{"embeddable":true,"href":"https:\/\/xn--logopdiereinhard-znb.de\/wordpress\/wp-json\/wp\/v2\/users\/1"}],"replies":[{"embeddable":true,"href":"https:\/\/xn--logopdiereinhard-znb.de\/wordpress\/wp-json\/wp\/v2\/comments?post=12"}],"version-history":[{"count":17,"href":"https:\/\/xn--logopdiereinhard-znb.de\/wordpress\/wp-json\/wp\/v2\/pages\/12\/revisions"}],"predecessor-version":[{"id":89,"href":"https:\/\/xn--logopdiereinhard-znb.de\/wordpress\/wp-json\/wp\/v2\/pages\/12\/revisions\/89"}],"wp:attachment":[{"href":"https:\/\/xn--logopdiereinhard-znb.de\/wordpress\/wp-json\/wp\/v2\/media?parent=12"}],"curies":[{"name":"wp","href":"https:\/\/api.w.org\/{rel}","templated":true}]}}